{"id":11,"date":"2025-08-11T15:42:55","date_gmt":"2025-08-11T15:42:55","guid":{"rendered":"http:\/\/garancelemanoir.com\/?page_id=11"},"modified":"2025-11-06T13:26:31","modified_gmt":"2025-11-06T13:26:31","slug":"home","status":"publish","type":"page","link":"https:\/\/garancelemanoir.com\/","title":{"rendered":"Home"},"content":{"rendered":"\n<div class=\"wp-block-cover alignfull is-light has-parallax\" style=\"border-radius:0px;margin-top:0;margin-bottom:0;padding-top:0;padding-bottom:0;min-height:812px;aspect-ratio:unset;\"><div class=\"wp-block-cover__image-background wp-image-573 size-large has-parallax\" style=\"background-position:50% 50%;background-image:url(http:\/\/garancelemanoir.com\/wp-content\/uploads\/2025\/11\/Q2A2063-1-1024x683.jpg)\"><\/div><span aria-hidden=\"true\" class=\"wp-block-cover__background has-ast-global-color-8-background-color has-background-dim-30 has-background-dim\"><\/span><div class=\"wp-block-cover__inner-container is-layout-flow wp-container-core-cover-is-layout-cca2f3be wp-block-cover-is-layout-flow\">\n<p class=\"has-x-large-font-size\" style=\"margin-top:var(--wp--preset--spacing--70);margin-bottom:var(--wp--preset--spacing--70);padding-top:var(--wp--preset--spacing--80);padding-bottom:var(--wp--preset--spacing--80)\"><\/p>\n\n\n\n<p class=\"has-text-align-right has-ast-global-color-0-color has-text-color has-link-color has-x-large-font-size wp-elements-686a716b923c504d509fe6a01e6c66ea\" style=\"margin-top:var(--wp--preset--spacing--80);margin-right:0;margin-bottom:0;margin-left:0;line-height:1\">Ni muse, ni mod\u00e8le &#8211; juste femme<\/p>\n\n\n\n<p class=\"has-text-align-right\" style=\"margin-top:0;margin-bottom:0;font-size:22px\"><em><strong>Art <\/strong><\/em><strong><em>&amp; Boudoir<\/em><\/strong> <em><strong>d&rsquo;une artiste bipolaire<\/strong><\/em><\/p>\n\n\n\n<p class=\"has-text-align-right\" style=\"margin-top:0;margin-bottom:0;font-size:22px\"><em> Photos, Peintures<\/em>, Sculptures<\/p>\n<\/div><\/div>\n\n\n\n<div class=\"wp-block-columns has-white-background-color has-background is-layout-flex wp-container-core-columns-is-layout-25389ad3 wp-block-columns-is-layout-flex\" style=\"padding-top:var(--wp--preset--spacing--60);padding-right:var(--wp--preset--spacing--40);padding-bottom:var(--wp--preset--spacing--60);padding-left:var(--wp--preset--spacing--40)\">\n<div class=\"wp-block-column is-layout-flow wp-block-column-is-layout-flow\" style=\"padding-top:0;padding-right:0;padding-bottom:0;padding-left:0\">\n<p class=\"has-text-align-center\" style=\"margin-top:0;margin-right:var(--wp--preset--spacing--20);margin-bottom:0;margin-left:var(--wp--preset--spacing--20);font-size:16px\">Garance Lemanoir est une \u0153uvre vivante. <br>Un monde int\u00e9rieur mis en sc\u00e8ne \u00e0 travers l\u2019art, la peau, la lumi\u00e8re, le silence.<br>Ici, chaque \u00e9motion devient forme, celle d&rsquo;une femme libre de tous pr\u00e9jug\u00e9s.<br>L\u2019art y nait du vertige, du feu, de l\u2019ombre de la bipolarit\u00e9 comme tension cr\u00e9atrice.<br><br><em><strong>Bienvenue dans l\u2019antichambre du d\u00e9sir<\/strong><\/em><\/p>\n<\/div>\n\n\n\n<div class=\"wp-block-column is-vertically-aligned-center is-layout-flow wp-container-core-column-is-layout-b2a27621 wp-block-column-is-layout-flow\" style=\"padding-top:0;padding-right:0;padding-bottom:0;padding-left:0;flex-basis:90px\">\n<figure class=\"wp-block-image aligncenter size-full is-resized\" style=\"margin-top:0;margin-right:var(--wp--preset--spacing--60);margin-bottom:0;margin-left:var(--wp--preset--spacing--60)\"><img loading=\"lazy\" decoding=\"async\" width=\"298\" height=\"296\" src=\"http:\/\/garancelemanoir.com\/wp-content\/uploads\/2025\/08\/Icone-Garance-Lemanoir.png\" alt=\"\" class=\"wp-image-7\" style=\"width:66px;height:auto\" srcset=\"https:\/\/garancelemanoir.com\/wp-content\/uploads\/2025\/08\/Icone-Garance-Lemanoir.png 298w, https:\/\/garancelemanoir.com\/wp-content\/uploads\/2025\/08\/Icone-Garance-Lemanoir-150x150.png 150w\" sizes=\"auto, (max-width: 298px) 100vw, 298px\" \/><\/figure>\n<\/div>\n\n\n\n<div class=\"wp-block-column is-layout-flow wp-container-core-column-is-layout-92d440f1 wp-block-column-is-layout-flow\" style=\"padding-top:0;padding-bottom:0\">\n<p class=\"has-text-align-center\" style=\"margin-top:0;margin-bottom:0;padding-top:0;padding-right:var(--wp--preset--spacing--30);padding-bottom:0;padding-left:var(--wp--preset--spacing--30);font-size:16px\"><em>Garance Lemanoir is a living work of art.<br>An intimate world expressed through body, texture, gaze, and gesture.<br>Here, every emotion becomes form, a woman free from all prejudice.<br>Art is born from vertigo, from fire, from shadow, from the intensity of emotional extremes.<br><br><strong>Step into the antechamber of desire.<\/strong><\/em><\/p>\n<\/div>\n<\/div>\n\n\n\n<p class=\"has-text-align-center has-ast-global-color-2-color has-text-color has-link-color wp-elements-9d519d5cb147f9b0c1cb66e6489e3c0e\" style=\"font-size:15px\"><\/p>\n\n\n\n<div class=\"wp-block-group alignfull has-ast-global-color-7-background-color has-background is-layout-constrained wp-container-core-group-is-layout-9a9cafe8 wp-block-group-is-layout-constrained\" id=\"about\" style=\"margin-top:0;margin-bottom:0;padding-top:0px;padding-right:0;padding-bottom:0px;padding-left:0\"><\/div>\n\n\n\n<p><\/p>\n","protected":false},"excerpt":{"rendered":"<p>Garance Lemanoir est une \u0153uvre vivante. Un monde int\u00e9rieur mis en sc\u00e8ne \u00e0 travers l\u2019art, la peau, la lumi\u00e8re, le [&hellip;]<\/p>\n","protected":false},"author":1,"featured_media":0,"parent":0,"menu_order":0,"comment_status":"closed","ping_status":"closed","template":"","meta":{"site-sidebar-layout":"no-sidebar","site-content-layout":"plain-container","ast-site-content-layout":"default","site-content-style":"default","site-sidebar-style":"default","ast-global-header-display":"","ast-banner-title-visibility":"","ast-main-header-display":"","ast-hfb-above-header-display":"","ast-hfb-below-header-display":"","ast-hfb-mobile-header-display":"","site-post-title":"disabled","ast-breadcrumbs-content":"","ast-featured-img":"","footer-sml-layout":"","theme-transparent-header-meta":"enabled","adv-header-id-meta":"","stick-header-meta":"","header-above-stick-meta":"","header-main-stick-meta":"","header-below-stick-meta":"","astra-migrate-meta-layouts":"default","ast-page-background-enabled":"default","ast-page-background-meta":{"desktop":{"background-color":"var(--ast-global-color-5)","background-image":"","background-repeat":"repeat","background-position":"center center","background-size":"auto","background-attachment":"scroll","background-type":"","background-media":"","overlay-type":"","overlay-color":"","overlay-opacity":"","overlay-gradient":""},"tablet":{"background-color":"","background-image":"","background-repeat":"repeat","background-position":"center center","background-size":"auto","background-attachment":"scroll","background-type":"","background-media":"","overlay-type":"","overlay-color":"","overlay-opacity":"","overlay-gradient":""},"mobile":{"background-color":"","background-image":"","background-repeat":"repeat","background-position":"center center","background-size":"auto","background-attachment":"scroll","background-type":"","background-media":"","overlay-type":"","overlay-color":"","overlay-opacity":"","overlay-gradient":""}},"ast-content-background-meta":{"desktop":{"background-color":"var(--ast-global-color-4)","background-image":"","background-repeat":"repeat","background-position":"center center","background-size":"auto","background-attachment":"scroll","background-type":"","background-media":"","overlay-type":"","overlay-color":"","overlay-opacity":"","overlay-gradient":""},"tablet":{"background-color":"var(--ast-global-color-4)","background-image":"","background-repeat":"repeat","background-position":"center center","background-size":"auto","background-attachment":"scroll","background-type":"","background-media":"","overlay-type":"","overlay-color":"","overlay-opacity":"","overlay-gradient":""},"mobile":{"background-color":"var(--ast-global-color-4)","background-image":"","background-repeat":"repeat","background-position":"center center","background-size":"auto","background-attachment":"scroll","background-type":"","background-media":"","overlay-type":"","overlay-color":"","overlay-opacity":"","overlay-gradient":""}},"footnotes":""},"class_list":["post-11","page","type-page","status-publish","hentry"],"_links":{"self":[{"href":"https:\/\/garancelemanoir.com\/index.php\/wp-json\/wp\/v2\/pages\/11","targetHints":{"allow":["GET"]}}],"collection":[{"href":"https:\/\/garancelemanoir.com\/index.php\/wp-json\/wp\/v2\/pages"}],"about":[{"href":"https:\/\/garancelemanoir.com\/index.php\/wp-json\/wp\/v2\/types\/page"}],"author":[{"embeddable":true,"href":"https:\/\/garancelemanoir.com\/index.php\/wp-json\/wp\/v2\/users\/1"}],"replies":[{"embeddable":true,"href":"https:\/\/garancelemanoir.com\/index.php\/wp-json\/wp\/v2\/comments?post=11"}],"version-history":[{"count":298,"href":"https:\/\/garancelemanoir.com\/index.php\/wp-json\/wp\/v2\/pages\/11\/revisions"}],"predecessor-version":[{"id":689,"href":"https:\/\/garancelemanoir.com\/index.php\/wp-json\/wp\/v2\/pages\/11\/revisions\/689"}],"wp:attachment":[{"href":"https:\/\/garancelemanoir.com\/index.php\/wp-json\/wp\/v2\/media?parent=11"}],"curies":[{"name":"wp","href":"https:\/\/api.w.org\/{rel}","templated":true}]}}