{"id":277,"date":"2025-08-16T18:44:49","date_gmt":"2025-08-16T18:44:49","guid":{"rendered":"http:\/\/garancelemanoir.com\/?page_id=277"},"modified":"2025-08-25T13:52:15","modified_gmt":"2025-08-25T13:52:15","slug":"roman","status":"publish","type":"page","link":"https:\/\/garancelemanoir.com\/index.php\/roman\/","title":{"rendered":"Roman"},"content":{"rendered":"\n<div class=\"wp-block-cover alignfull has-custom-content-position is-position-top-center\" style=\"margin-top:0;padding-top:5vw;padding-right:5vw;padding-bottom:5vw;padding-left:5vw\"><span aria-hidden=\"true\" class=\"wp-block-cover__background has-ast-global-color-2-background-color has-background-dim-100 has-background-dim\"><\/span><div class=\"wp-block-cover__inner-container is-layout-flow wp-block-cover-is-layout-flow\">\n<div class=\"wp-block-group alignwide is-content-justification-space-between is-layout-flex wp-container-core-group-is-layout-da2d405b wp-block-group-is-layout-flex\">\n<div class=\"wp-block-cover has-custom-content-position is-position-top-right wp-container-content-ceb7f5b3 has-aspect-ratio wp-duotone-unset-1\" style=\"margin-top:var(--wp--preset--spacing--80);padding-top:4vw;padding-right:4vw;padding-bottom:4vw;padding-left:4vw;min-height:150vh;aspect-ratio:3\/4;min-height:unset;\"><img loading=\"lazy\" decoding=\"async\" width=\"1821\" height=\"2560\" class=\"wp-block-cover__image-background wp-image-282 size-full\" alt=\"\" src=\"http:\/\/garancelemanoir.com\/wp-content\/uploads\/2025\/08\/livre-site-scaled.png\" style=\"object-position:38% 58%\" data-object-fit=\"cover\" data-object-position=\"38% 58%\" srcset=\"https:\/\/garancelemanoir.com\/wp-content\/uploads\/2025\/08\/livre-site-scaled.png 1821w, https:\/\/garancelemanoir.com\/wp-content\/uploads\/2025\/08\/livre-site-213x300.png 213w, https:\/\/garancelemanoir.com\/wp-content\/uploads\/2025\/08\/livre-site-728x1024.png 728w, https:\/\/garancelemanoir.com\/wp-content\/uploads\/2025\/08\/livre-site-768x1080.png 768w, https:\/\/garancelemanoir.com\/wp-content\/uploads\/2025\/08\/livre-site-1093x1536.png 1093w, https:\/\/garancelemanoir.com\/wp-content\/uploads\/2025\/08\/livre-site-1457x2048.png 1457w\" sizes=\"auto, (max-width: 1821px) 100vw, 1821px\" \/><span aria-hidden=\"true\" class=\"wp-block-cover__background has-background-dim-30 has-background-dim\" style=\"background-color:#7c7360\"><\/span><div class=\"wp-block-cover__inner-container is-layout-flow wp-block-cover-is-layout-flow\">\n<div class=\"wp-block-group is-vertical is-content-justification-right is-nowrap is-layout-flex wp-container-core-group-is-layout-67854338 wp-block-group-is-layout-flex\">\n<p><\/p>\n<\/div>\n<\/div><\/div>\n\n\n\n<div class=\"wp-block-group wp-container-content-d387280b is-vertical is-layout-flex wp-container-core-group-is-layout-eb49bb91 wp-block-group-is-layout-flex\">\n<h2 class=\"wp-block-heading has-text-color has-link-color wp-elements-760cb0a6f3841bd43b4cee439b420e3e\" style=\"color:#433928;margin-top:var(--wp--preset--spacing--80);font-size:64px;line-height:0.6\"><strong>BIENT\u00d4T<\/strong><\/h2>\n\n\n\n<p class=\"has-luminous-vivid-amber-color has-text-color has-link-color wp-elements-d1549e9b8d82d427ab0375ea858a2410\" style=\"font-size:54px;line-height:0\"><strong>EN<\/strong><\/p>\n\n\n\n<p class=\"has-ast-global-color-0-color has-text-color has-link-color wp-elements-3a24424eea1aecb488fb925795e975ec\" style=\"padding-top:0;padding-bottom:0;font-size:71px;line-height:0.4\"><strong>LIBRAIRIE<\/strong><\/p>\n\n\n\n<p class=\"has-ast-global-color-0-color has-text-color has-link-color wp-elements-eca460dfbb873584897d97f9125d2a86\"><strong>Passion, Drame,Psychologie et Erotisme&nbsp;<\/strong><\/p>\n\n\n\n<p class=\"has-ast-global-color-0-color has-text-color has-link-color wp-elements-9b5c6b51476083ce3e0123d1f4e6cd16\"><em>Les chroniques\u00a0d\u2019une femme <em>bipolaire en ascension<\/em>\u00a0<\/em><\/p>\n\n\n\n<p class=\"has-ast-global-color-0-color has-text-color has-link-color wp-elements-fe4f1a10bfd4f3c8f0d576c589adaaba\"><strong>Entre manie et m\u00e9lancolie, une femme en pleine ascension professionnelle go\u00fbte aux vertiges d\u2019une vie brillante: luxe, r\u00e9ussite, ivresse des sensations. Mais derri\u00e8re les paillettes, le mensonge s\u2019insinue: une trahison amoureuse fissure les certitudes, laissant place \u00e0 l\u2019obsession d\u2019un amour absolu, presque irr\u00e9el.&nbsp;<\/strong><\/p>\n\n\n\n<p class=\"has-ast-global-color-0-color has-text-color has-link-color wp-elements-a088db672c89b65e7b78c5bea0379701\"><strong>Le r\u00e9cit glisse alors dans une spirale plus trouble: nuits d\u2019exc\u00e8s, d\u00e9sirs qui consument, plaisirs qui anesth\u00e9sient. A chaque sommet succ\u00e8de une chute. <\/strong><\/p>\n\n\n\n<p class=\"has-ast-global-color-0-color has-text-color has-link-color wp-elements-217856ab7691d183994d5bd2eade210d\"><strong>Le pass\u00e9 refait surface, l\u2019enfance bless\u00e9e appelle sa part, et avec elle, la r\u00e9v\u00e9lation: la bipolarit\u00e9. Comprendre, enfin, que cette course effr\u00e9n\u00e9e avait un nom.<\/strong><\/p>\n\n\n\n<p class=\"has-ast-global-color-0-color has-text-color has-link-color wp-elements-d840d7a9c2cc10168d9a59e5c546e4e1\"><strong>Mais le corps, lui, se souvient. Tension sexuelle permanente, comme une m\u00e9moire physique de la joie, du manque, de l\u2019abandon.&nbsp;<\/strong><\/p>\n\n\n\n<p class=\"has-ast-global-color-0-color has-text-color\" style=\"font-size:18px;font-style:normal;font-weight:400;letter-spacing:0px;line-height:1.7\"><strong>Ce roman est le journal br\u00fblant d\u2019une femme en feu, qui cherche dans l\u2019art, l\u2019amour et l\u2019\u00e9criture une fa\u00e7on de rester vivante.<\/strong><\/p>\n<\/div>\n<\/div>\n<\/div><\/div>\n","protected":false},"excerpt":{"rendered":"","protected":false},"author":1,"featured_media":0,"parent":0,"menu_order":0,"comment_status":"closed","ping_status":"closed","template":"","meta":{"site-sidebar-layout":"default","site-content-layout":"","ast-site-content-layout":"default","site-content-style":"default","site-sidebar-style":"default","ast-global-header-display":"","ast-banner-title-visibility":"","ast-main-header-display":"","ast-hfb-above-header-display":"","ast-hfb-below-header-display":"","ast-hfb-mobile-header-display":"","site-post-title":"disabled","ast-breadcrumbs-content":"","ast-featured-img":"","footer-sml-layout":"","theme-transparent-header-meta":"","adv-header-id-meta":"","stick-header-meta":"","header-above-stick-meta":"","header-main-stick-meta":"","header-below-stick-meta":"","astra-migrate-meta-layouts":"default","ast-page-background-enabled":"default","ast-page-background-meta":{"desktop":{"background-color":"var(--ast-global-color-5)","background-image":"","background-repeat":"repeat","background-position":"center center","background-size":"auto","background-attachment":"scroll","background-type":"","background-media":"","overlay-type":"","overlay-color":"","overlay-opacity":"","overlay-gradient":""},"tablet":{"background-color":"","background-image":"","background-repeat":"repeat","background-position":"center center","background-size":"auto","background-attachment":"scroll","background-type":"","background-media":"","overlay-type":"","overlay-color":"","overlay-opacity":"","overlay-gradient":""},"mobile":{"background-color":"","background-image":"","background-repeat":"repeat","background-position":"center center","background-size":"auto","background-attachment":"scroll","background-type":"","background-media":"","overlay-type":"","overlay-color":"","overlay-opacity":"","overlay-gradient":""}},"ast-content-background-meta":{"desktop":{"background-color":"var(--ast-global-color-4)","background-image":"","background-repeat":"repeat","background-position":"center center","background-size":"auto","background-attachment":"scroll","background-type":"","background-media":"","overlay-type":"","overlay-color":"","overlay-opacity":"","overlay-gradient":""},"tablet":{"background-color":"var(--ast-global-color-4)","background-image":"","background-repeat":"repeat","background-position":"center center","background-size":"auto","background-attachment":"scroll","background-type":"","background-media":"","overlay-type":"","overlay-color":"","overlay-opacity":"","overlay-gradient":""},"mobile":{"background-color":"var(--ast-global-color-4)","background-image":"","background-repeat":"repeat","background-position":"center center","background-size":"auto","background-attachment":"scroll","background-type":"","background-media":"","overlay-type":"","overlay-color":"","overlay-opacity":"","overlay-gradient":""}},"footnotes":""},"class_list":["post-277","page","type-page","status-publish","hentry"],"_links":{"self":[{"href":"https:\/\/garancelemanoir.com\/index.php\/wp-json\/wp\/v2\/pages\/277","targetHints":{"allow":["GET"]}}],"collection":[{"href":"https:\/\/garancelemanoir.com\/index.php\/wp-json\/wp\/v2\/pages"}],"about":[{"href":"https:\/\/garancelemanoir.com\/index.php\/wp-json\/wp\/v2\/types\/page"}],"author":[{"embeddable":true,"href":"https:\/\/garancelemanoir.com\/index.php\/wp-json\/wp\/v2\/users\/1"}],"replies":[{"embeddable":true,"href":"https:\/\/garancelemanoir.com\/index.php\/wp-json\/wp\/v2\/comments?post=277"}],"version-history":[{"count":32,"href":"https:\/\/garancelemanoir.com\/index.php\/wp-json\/wp\/v2\/pages\/277\/revisions"}],"predecessor-version":[{"id":500,"href":"https:\/\/garancelemanoir.com\/index.php\/wp-json\/wp\/v2\/pages\/277\/revisions\/500"}],"wp:attachment":[{"href":"https:\/\/garancelemanoir.com\/index.php\/wp-json\/wp\/v2\/media?parent=277"}],"curies":[{"name":"wp","href":"https:\/\/api.w.org\/{rel}","templated":true}]}}