{"id":45,"date":"2025-08-12T09:22:05","date_gmt":"2025-08-12T09:22:05","guid":{"rendered":"http:\/\/garancelemanoir.com\/?page_id=45"},"modified":"2025-11-06T13:16:45","modified_gmt":"2025-11-06T13:16:45","slug":"art-boutique","status":"publish","type":"page","link":"https:\/\/garancelemanoir.com\/index.php\/art-boutique\/","title":{"rendered":"Art &amp; Boutique"},"content":{"rendered":"\n<div class=\"wp-block-group alignfull has-background is-layout-flow wp-container-core-group-is-layout-f027cc92 wp-block-group-is-layout-flow\" style=\"background-color:#6d3705;margin-top:0;margin-bottom:0;padding-right:0;padding-left:0\">\n<div style=\"margin-top:var(--wp--preset--spacing--40);margin-bottom:var(--wp--preset--spacing--40);height:0.44rem;width:0px\" aria-hidden=\"true\" class=\"wp-block-spacer\"><\/div>\n\n\n\n<div class=\"wp-block-group alignwide is-layout-flow wp-block-group-is-layout-flow\" style=\"padding-right:0;padding-left:0\">\n<div class=\"wp-block-columns alignwide are-vertically-aligned-top is-layout-flex wp-container-core-columns-is-layout-5c8fb865 wp-block-columns-is-layout-flex\">\n<div class=\"wp-block-column is-vertically-aligned-top is-content-justification-left is-layout-constrained wp-container-core-column-is-layout-cc4dc202 wp-block-column-is-layout-constrained\" style=\"padding-right:var(--wp--preset--spacing--50);padding-left:var(--wp--preset--spacing--50)\">\n<h2 class=\"wp-block-heading has-ast-global-color-0-color has-text-color has-link-color wp-elements-e04994cec405147be413edcc472f37ba\">La forme et le fantasme<\/h2>\n<\/div>\n\n\n\n<div class=\"wp-block-column is-vertically-aligned-top is-layout-flow wp-block-column-is-layout-flow\" style=\"padding-right:var(--wp--preset--spacing--50);padding-left:var(--wp--preset--spacing--50);flex-basis:40%\">\n<p class=\"has-ast-global-color-0-color has-text-color has-link-color wp-elements-8eab47c039959cfa2a185e285bbfd374\">Entre peintures \u00e0 l&rsquo;huile et sculptures en pl\u00e2tre, la sensualit\u00e9 rencontre l&rsquo;\u00e9l\u00e9gance intemporelle. Chaque oeuvre na\u00eet d&rsquo;un geste intime, \u00e0 la fois spontan\u00e9 et ma\u00eetris\u00e9, comme une confidence silencieuse laiss\u00e9e \u00e0 la mati\u00e8re.<\/p>\n<\/div>\n<\/div>\n\n\n\n<figure class=\"wp-block-image alignfull size-full is-style-default\" style=\"margin-right:0;margin-left:0\"><img loading=\"lazy\" decoding=\"async\" width=\"1536\" height=\"1024\" src=\"https:\/\/garancelemanoir.com\/wp-content\/uploads\/2025\/11\/23E0EFF7-D220-47E6-A46E-AAE5F431C540.png\" alt=\"\" class=\"wp-image-679\" srcset=\"https:\/\/garancelemanoir.com\/wp-content\/uploads\/2025\/11\/23E0EFF7-D220-47E6-A46E-AAE5F431C540.png 1536w, https:\/\/garancelemanoir.com\/wp-content\/uploads\/2025\/11\/23E0EFF7-D220-47E6-A46E-AAE5F431C540-300x200.png 300w, https:\/\/garancelemanoir.com\/wp-content\/uploads\/2025\/11\/23E0EFF7-D220-47E6-A46E-AAE5F431C540-1024x683.png 1024w, https:\/\/garancelemanoir.com\/wp-content\/uploads\/2025\/11\/23E0EFF7-D220-47E6-A46E-AAE5F431C540-768x512.png 768w\" sizes=\"auto, (max-width: 1536px) 100vw, 1536px\" \/><\/figure>\n<\/div>\n\n\n\n<div style=\"height:0.44rem;width:0px\" aria-hidden=\"true\" class=\"wp-block-spacer\"><\/div>\n<\/div>\n\n\n\n<div class=\"wp-block-group alignfull has-background is-layout-flow wp-block-group-is-layout-flow\" style=\"background-color:#1f2008;padding-top:6vw;padding-right:6vw;padding-bottom:6vw;padding-left:6vw\">\n<div class=\"wp-block-group is-vertical is-nowrap is-layout-flex wp-container-core-group-is-layout-36fd9ea3 wp-block-group-is-layout-flex\" style=\"padding-right:0;padding-left:0\">\n<h6 class=\"wp-block-heading has-ast-global-color-0-color has-text-color\" id=\"ecosystem\" style=\"font-size:16px\">Peintures et sculptures sensuelles<\/h6>\n\n\n\n<p class=\"has-ast-global-color-0-color has-text-color\" style=\"font-size:6vw;font-style:normal;font-weight:700;letter-spacing:0px;line-height:0.9;text-decoration:none;text-transform:none\">L&rsquo;art entre d\u00e9sir et \u00e9l\u00e9gance.<\/p>\n<\/div>\n\n\n\n<div style=\"height:1vw\" aria-hidden=\"true\" class=\"wp-block-spacer\"><\/div>\n\n\n\n<div class=\"wp-block-group alignwide is-vertical is-nowrap is-layout-flex wp-container-core-group-is-layout-7946b6b8 wp-block-group-is-layout-flex\" style=\"padding-top:0;padding-right:0;padding-bottom:0;padding-left:0\">\n<div class=\"wp-block-columns alignwide is-layout-flex wp-container-core-columns-is-layout-21b20327 wp-block-columns-is-layout-flex\">\n<div class=\"wp-block-column is-layout-flow wp-block-column-is-layout-flow\" style=\"flex-basis:33.38%\">\n<p class=\"has-ast-global-color-0-color has-text-color\" style=\"font-size:17px\">Les peintures \u00e0 l&rsquo;huile r\u00e9v\u00e8lent des silhouettes f\u00e9minines esquiss\u00e9es dans des lumi\u00e8res douces, des textures d\u00e9licates, et des jeux de couleurs qui oscillent entre le charnel et l&rsquo;art moderne. La touche impressionniste se m\u00eale \u00e0 une intensit\u00e9 contemporaine, offrant des toiles \u00e0 la fois po\u00e9tiques et troublantes.<\/p>\n\n\n\n<p class=\"has-ast-global-color-0-color has-text-color\" style=\"font-size:17px\">Les sculptures incarnent un langage des formes. Le pl\u00e2tre, ponctu\u00e9 de motifs g\u00e9om\u00e9triques, de dorures, et d&rsquo;effervescents devient une peau nouvelle, fragile et sensuelle. Chaque pi\u00e8ce est pens\u00e9e comme une oeuvre d&rsquo;art d\u00e9corative mais aussi comme un miroir intime du d\u00e9sir et de douceur.<\/p>\n<\/div>\n\n\n\n<div class=\"wp-block-column is-layout-flow wp-block-column-is-layout-flow\" style=\"flex-basis:33%\">\n<div style=\"height:2vw\" aria-hidden=\"true\" class=\"wp-block-spacer\"><\/div>\n\n\n\n<figure class=\"wp-block-image size-large\"><img loading=\"lazy\" decoding=\"async\" width=\"683\" height=\"1024\" src=\"https:\/\/garancelemanoir.com\/wp-content\/uploads\/2025\/11\/Q2A2478-683x1024.jpg\" alt=\"\" class=\"wp-image-582\" style=\"aspect-ratio:3\/4;object-fit:cover\" srcset=\"https:\/\/garancelemanoir.com\/wp-content\/uploads\/2025\/11\/Q2A2478-683x1024.jpg 683w, https:\/\/garancelemanoir.com\/wp-content\/uploads\/2025\/11\/Q2A2478-200x300.jpg 200w, https:\/\/garancelemanoir.com\/wp-content\/uploads\/2025\/11\/Q2A2478-768x1152.jpg 768w, https:\/\/garancelemanoir.com\/wp-content\/uploads\/2025\/11\/Q2A2478-1024x1536.jpg 1024w, https:\/\/garancelemanoir.com\/wp-content\/uploads\/2025\/11\/Q2A2478-1365x2048.jpg 1365w, https:\/\/garancelemanoir.com\/wp-content\/uploads\/2025\/11\/Q2A2478-scaled.jpg 1707w\" sizes=\"auto, (max-width: 683px) 100vw, 683px\" \/><\/figure>\n<\/div>\n\n\n\n<div class=\"wp-block-column is-layout-flow wp-block-column-is-layout-flow\" style=\"flex-basis:33.62%\">\n<figure class=\"wp-block-image size-large\"><img loading=\"lazy\" decoding=\"async\" width=\"1024\" height=\"683\" src=\"https:\/\/garancelemanoir.com\/wp-content\/uploads\/2025\/11\/Q2A2492-1024x683.jpg\" alt=\"\" class=\"wp-image-585\" style=\"aspect-ratio:9\/16;object-fit:cover\" srcset=\"https:\/\/garancelemanoir.com\/wp-content\/uploads\/2025\/11\/Q2A2492-1024x683.jpg 1024w, https:\/\/garancelemanoir.com\/wp-content\/uploads\/2025\/11\/Q2A2492-300x200.jpg 300w, https:\/\/garancelemanoir.com\/wp-content\/uploads\/2025\/11\/Q2A2492-768x512.jpg 768w, https:\/\/garancelemanoir.com\/wp-content\/uploads\/2025\/11\/Q2A2492-1536x1024.jpg 1536w, https:\/\/garancelemanoir.com\/wp-content\/uploads\/2025\/11\/Q2A2492-2048x1366.jpg 2048w\" sizes=\"auto, (max-width: 1024px) 100vw, 1024px\" \/><\/figure>\n<\/div>\n<\/div>\n\n\n\n<div class=\"wp-block-columns alignwide is-layout-flex wp-container-core-columns-is-layout-c24efe4f wp-block-columns-is-layout-flex\">\n<div class=\"wp-block-column is-layout-flow wp-block-column-is-layout-flow\" style=\"flex-basis:69%\">\n<figure class=\"wp-block-image size-full\"><img loading=\"lazy\" decoding=\"async\" width=\"1536\" height=\"1024\" src=\"https:\/\/garancelemanoir.com\/wp-content\/uploads\/2025\/11\/2273E9EC-AA43-4396-85CD-027C44E05747.png\" alt=\"\" class=\"wp-image-670\" style=\"aspect-ratio:3\/2;object-fit:cover\" srcset=\"https:\/\/garancelemanoir.com\/wp-content\/uploads\/2025\/11\/2273E9EC-AA43-4396-85CD-027C44E05747.png 1536w, https:\/\/garancelemanoir.com\/wp-content\/uploads\/2025\/11\/2273E9EC-AA43-4396-85CD-027C44E05747-300x200.png 300w, https:\/\/garancelemanoir.com\/wp-content\/uploads\/2025\/11\/2273E9EC-AA43-4396-85CD-027C44E05747-1024x683.png 1024w, https:\/\/garancelemanoir.com\/wp-content\/uploads\/2025\/11\/2273E9EC-AA43-4396-85CD-027C44E05747-768x512.png 768w\" sizes=\"auto, (max-width: 1536px) 100vw, 1536px\" \/><\/figure>\n<\/div>\n\n\n\n<div class=\"wp-block-column is-vertically-aligned-center is-layout-flow wp-block-column-is-layout-flow\" style=\"flex-basis:33%\">\n<p class=\"has-ast-global-color-0-color has-text-color\" style=\"font-size:17px\">Dans l&rsquo;ensemble de son travail, Garance Lemanoir compose un art sensuel, raffin\u00e9 et profond\u00e9ment \u00e9motionnel, o\u00f9 chaque d\u00e9tail devient une mani\u00e8re de raconter le corps, l&rsquo;audace et la beaut\u00e9 troubl\u00e9e.<\/p>\n<\/div>\n<\/div>\n<\/div>\n<\/div>\n\n\n\n<div class=\"wp-block-columns is-layout-flex wp-container-core-columns-is-layout-8ec6b184 wp-block-columns-is-layout-flex\" style=\"padding-top:var(--wp--preset--spacing--50);padding-bottom:var(--wp--preset--spacing--30)\">\n<div class=\"wp-block-column is-layout-flow wp-block-column-is-layout-flow\">\n<figure class=\"wp-block-image size-large\" style=\"margin-bottom:0\"><img loading=\"lazy\" decoding=\"async\" width=\"683\" height=\"1024\" src=\"http:\/\/garancelemanoir.com\/wp-content\/uploads\/2025\/11\/0A2D62E9-9AEE-42D5-BBC0-0F7533C1631B-683x1024.png\" alt=\"\" class=\"wp-image-608\" srcset=\"https:\/\/garancelemanoir.com\/wp-content\/uploads\/2025\/11\/0A2D62E9-9AEE-42D5-BBC0-0F7533C1631B-683x1024.png 683w, https:\/\/garancelemanoir.com\/wp-content\/uploads\/2025\/11\/0A2D62E9-9AEE-42D5-BBC0-0F7533C1631B-200x300.png 200w, https:\/\/garancelemanoir.com\/wp-content\/uploads\/2025\/11\/0A2D62E9-9AEE-42D5-BBC0-0F7533C1631B-768x1152.png 768w, https:\/\/garancelemanoir.com\/wp-content\/uploads\/2025\/11\/0A2D62E9-9AEE-42D5-BBC0-0F7533C1631B.png 1024w\" sizes=\"auto, (max-width: 683px) 100vw, 683px\" \/><\/figure>\n\n\n\n<figure class=\"wp-block-image size-large\"><img loading=\"lazy\" decoding=\"async\" width=\"683\" height=\"1024\" src=\"https:\/\/garancelemanoir.com\/wp-content\/uploads\/2025\/11\/18DDE9C8-C7F6-4778-B93E-708811D9930E-683x1024.png\" alt=\"\" class=\"wp-image-674\" srcset=\"https:\/\/garancelemanoir.com\/wp-content\/uploads\/2025\/11\/18DDE9C8-C7F6-4778-B93E-708811D9930E-683x1024.png 683w, https:\/\/garancelemanoir.com\/wp-content\/uploads\/2025\/11\/18DDE9C8-C7F6-4778-B93E-708811D9930E-200x300.png 200w, https:\/\/garancelemanoir.com\/wp-content\/uploads\/2025\/11\/18DDE9C8-C7F6-4778-B93E-708811D9930E-768x1152.png 768w, https:\/\/garancelemanoir.com\/wp-content\/uploads\/2025\/11\/18DDE9C8-C7F6-4778-B93E-708811D9930E.png 1024w\" sizes=\"auto, (max-width: 683px) 100vw, 683px\" \/><\/figure>\n<\/div>\n\n\n\n<div class=\"wp-block-column is-layout-flow wp-block-column-is-layout-flow\">\n<figure class=\"wp-block-image size-large\" style=\"margin-top:0;margin-bottom:0\"><img loading=\"lazy\" decoding=\"async\" width=\"683\" height=\"1024\" src=\"https:\/\/garancelemanoir.com\/wp-content\/uploads\/2025\/11\/DAF5B2B6-033F-451C-B3DD-D0D922C11EA1-683x1024.png\" alt=\"\" class=\"wp-image-609\" srcset=\"https:\/\/garancelemanoir.com\/wp-content\/uploads\/2025\/11\/DAF5B2B6-033F-451C-B3DD-D0D922C11EA1-683x1024.png 683w, https:\/\/garancelemanoir.com\/wp-content\/uploads\/2025\/11\/DAF5B2B6-033F-451C-B3DD-D0D922C11EA1-200x300.png 200w, https:\/\/garancelemanoir.com\/wp-content\/uploads\/2025\/11\/DAF5B2B6-033F-451C-B3DD-D0D922C11EA1-768x1152.png 768w, https:\/\/garancelemanoir.com\/wp-content\/uploads\/2025\/11\/DAF5B2B6-033F-451C-B3DD-D0D922C11EA1.png 1024w\" sizes=\"auto, (max-width: 683px) 100vw, 683px\" \/><\/figure>\n\n\n\n<figure class=\"wp-block-image size-large\"><img loading=\"lazy\" decoding=\"async\" width=\"683\" height=\"1024\" src=\"https:\/\/garancelemanoir.com\/wp-content\/uploads\/2025\/11\/5BBD9A09-BE41-46F5-86E8-510AEABF6A7A-683x1024.png\" alt=\"\" class=\"wp-image-675\" srcset=\"https:\/\/garancelemanoir.com\/wp-content\/uploads\/2025\/11\/5BBD9A09-BE41-46F5-86E8-510AEABF6A7A-683x1024.png 683w, https:\/\/garancelemanoir.com\/wp-content\/uploads\/2025\/11\/5BBD9A09-BE41-46F5-86E8-510AEABF6A7A-200x300.png 200w, https:\/\/garancelemanoir.com\/wp-content\/uploads\/2025\/11\/5BBD9A09-BE41-46F5-86E8-510AEABF6A7A-768x1152.png 768w, https:\/\/garancelemanoir.com\/wp-content\/uploads\/2025\/11\/5BBD9A09-BE41-46F5-86E8-510AEABF6A7A.png 1024w\" sizes=\"auto, (max-width: 683px) 100vw, 683px\" \/><\/figure>\n<\/div>\n<\/div>\n\n\n\n<div class=\"wp-block-columns is-layout-flex wp-container-core-columns-is-layout-20909a08 wp-block-columns-is-layout-flex\" style=\"margin-top:var(--wp--preset--spacing--20);padding-top:var(--wp--preset--spacing--30);padding-bottom:0\">\n<div class=\"wp-block-column is-layout-flow wp-block-column-is-layout-flow\">\n<figure class=\"wp-block-image size-large\" style=\"margin-top:0\"><img loading=\"lazy\" decoding=\"async\" width=\"683\" height=\"1024\" src=\"https:\/\/garancelemanoir.com\/wp-content\/uploads\/2025\/11\/FE256796-3009-4AA6-BEAF-1C74AEF2B2B0-683x1024.png\" alt=\"\" class=\"wp-image-611\" srcset=\"https:\/\/garancelemanoir.com\/wp-content\/uploads\/2025\/11\/FE256796-3009-4AA6-BEAF-1C74AEF2B2B0-683x1024.png 683w, https:\/\/garancelemanoir.com\/wp-content\/uploads\/2025\/11\/FE256796-3009-4AA6-BEAF-1C74AEF2B2B0-200x300.png 200w, https:\/\/garancelemanoir.com\/wp-content\/uploads\/2025\/11\/FE256796-3009-4AA6-BEAF-1C74AEF2B2B0-768x1152.png 768w, https:\/\/garancelemanoir.com\/wp-content\/uploads\/2025\/11\/FE256796-3009-4AA6-BEAF-1C74AEF2B2B0.png 1024w\" sizes=\"auto, (max-width: 683px) 100vw, 683px\" \/><\/figure>\n<\/div>\n\n\n\n<div class=\"wp-block-column is-layout-flow wp-block-column-is-layout-flow\">\n<figure class=\"wp-block-image size-large\" style=\"margin-top:0\"><img loading=\"lazy\" decoding=\"async\" width=\"683\" height=\"1024\" src=\"http:\/\/garancelemanoir.com\/wp-content\/uploads\/2025\/11\/14250604-3DAD-4F8A-A5BA-C099DB02DB2B-683x1024.png\" alt=\"\" class=\"wp-image-610\" style=\"aspect-ratio:2\/3;object-fit:cover\" srcset=\"https:\/\/garancelemanoir.com\/wp-content\/uploads\/2025\/11\/14250604-3DAD-4F8A-A5BA-C099DB02DB2B-683x1024.png 683w, https:\/\/garancelemanoir.com\/wp-content\/uploads\/2025\/11\/14250604-3DAD-4F8A-A5BA-C099DB02DB2B-200x300.png 200w, https:\/\/garancelemanoir.com\/wp-content\/uploads\/2025\/11\/14250604-3DAD-4F8A-A5BA-C099DB02DB2B-768x1152.png 768w, https:\/\/garancelemanoir.com\/wp-content\/uploads\/2025\/11\/14250604-3DAD-4F8A-A5BA-C099DB02DB2B.png 1024w\" sizes=\"auto, (max-width: 683px) 100vw, 683px\" \/><\/figure>\n<\/div>\n<\/div>\n\n\n\n<div class=\"wp-block-columns is-layout-flex wp-container-core-columns-is-layout-5d245c65 wp-block-columns-is-layout-flex\" style=\"padding-top:var(--wp--preset--spacing--50);padding-bottom:0\">\n<div class=\"wp-block-column is-layout-flow wp-block-column-is-layout-flow\">\n<figure class=\"wp-block-image size-full\"><img loading=\"lazy\" decoding=\"async\" width=\"1024\" height=\"1536\" src=\"https:\/\/garancelemanoir.com\/wp-content\/uploads\/2025\/11\/C6F4CD8E-CD89-4E59-8B86-7B728484CF13.png\" alt=\"\" class=\"wp-image-672\" style=\"aspect-ratio:2\/3;object-fit:cover\" srcset=\"https:\/\/garancelemanoir.com\/wp-content\/uploads\/2025\/11\/C6F4CD8E-CD89-4E59-8B86-7B728484CF13.png 1024w, https:\/\/garancelemanoir.com\/wp-content\/uploads\/2025\/11\/C6F4CD8E-CD89-4E59-8B86-7B728484CF13-200x300.png 200w, https:\/\/garancelemanoir.com\/wp-content\/uploads\/2025\/11\/C6F4CD8E-CD89-4E59-8B86-7B728484CF13-683x1024.png 683w, https:\/\/garancelemanoir.com\/wp-content\/uploads\/2025\/11\/C6F4CD8E-CD89-4E59-8B86-7B728484CF13-768x1152.png 768w\" sizes=\"auto, (max-width: 1024px) 100vw, 1024px\" \/><\/figure>\n<\/div>\n\n\n\n<div class=\"wp-block-column is-layout-flow wp-block-column-is-layout-flow\">\n<figure class=\"wp-block-image size-full\"><img loading=\"lazy\" decoding=\"async\" width=\"1024\" height=\"1024\" src=\"https:\/\/garancelemanoir.com\/wp-content\/uploads\/2025\/11\/74F7A9A1-73F1-4AE2-9022-52981E216CB5.png\" alt=\"\" class=\"wp-image-673\" style=\"aspect-ratio:2\/3;object-fit:cover\" srcset=\"https:\/\/garancelemanoir.com\/wp-content\/uploads\/2025\/11\/74F7A9A1-73F1-4AE2-9022-52981E216CB5.png 1024w, https:\/\/garancelemanoir.com\/wp-content\/uploads\/2025\/11\/74F7A9A1-73F1-4AE2-9022-52981E216CB5-300x300.png 300w, https:\/\/garancelemanoir.com\/wp-content\/uploads\/2025\/11\/74F7A9A1-73F1-4AE2-9022-52981E216CB5-150x150.png 150w, https:\/\/garancelemanoir.com\/wp-content\/uploads\/2025\/11\/74F7A9A1-73F1-4AE2-9022-52981E216CB5-768x768.png 768w\" sizes=\"auto, (max-width: 1024px) 100vw, 1024px\" \/><\/figure>\n<\/div>\n<\/div>\n\n\n\n<div class=\"wp-block-columns is-layout-flex wp-container-core-columns-is-layout-d2ea670e wp-block-columns-is-layout-flex\" style=\"padding-top:var(--wp--preset--spacing--50);padding-bottom:var(--wp--preset--spacing--50)\">\n<div class=\"wp-block-column is-layout-flow wp-block-column-is-layout-flow\">\n<figure class=\"wp-block-image size-large\" style=\"margin-top:0;margin-bottom:0\"><img loading=\"lazy\" decoding=\"async\" width=\"683\" height=\"1024\" src=\"https:\/\/garancelemanoir.com\/wp-content\/uploads\/2025\/11\/D44AEFC2-6247-452F-9171-3D3438A171A4-683x1024.png\" alt=\"\" class=\"wp-image-623\" style=\"aspect-ratio:2\/3;object-fit:cover\" srcset=\"https:\/\/garancelemanoir.com\/wp-content\/uploads\/2025\/11\/D44AEFC2-6247-452F-9171-3D3438A171A4-683x1024.png 683w, https:\/\/garancelemanoir.com\/wp-content\/uploads\/2025\/11\/D44AEFC2-6247-452F-9171-3D3438A171A4-200x300.png 200w, https:\/\/garancelemanoir.com\/wp-content\/uploads\/2025\/11\/D44AEFC2-6247-452F-9171-3D3438A171A4-768x1152.png 768w, https:\/\/garancelemanoir.com\/wp-content\/uploads\/2025\/11\/D44AEFC2-6247-452F-9171-3D3438A171A4.png 1024w\" sizes=\"auto, (max-width: 683px) 100vw, 683px\" \/><\/figure>\n\n\n\n<figure class=\"wp-block-image size-full\"><img loading=\"lazy\" decoding=\"async\" width=\"1024\" height=\"1024\" src=\"https:\/\/garancelemanoir.com\/wp-content\/uploads\/2025\/11\/A30EA580-1661-45CE-8140-17C3C54FE2EB.png\" alt=\"\" class=\"wp-image-676\" style=\"aspect-ratio:2\/3;object-fit:cover\" srcset=\"https:\/\/garancelemanoir.com\/wp-content\/uploads\/2025\/11\/A30EA580-1661-45CE-8140-17C3C54FE2EB.png 1024w, https:\/\/garancelemanoir.com\/wp-content\/uploads\/2025\/11\/A30EA580-1661-45CE-8140-17C3C54FE2EB-300x300.png 300w, https:\/\/garancelemanoir.com\/wp-content\/uploads\/2025\/11\/A30EA580-1661-45CE-8140-17C3C54FE2EB-150x150.png 150w, https:\/\/garancelemanoir.com\/wp-content\/uploads\/2025\/11\/A30EA580-1661-45CE-8140-17C3C54FE2EB-768x768.png 768w\" sizes=\"auto, (max-width: 1024px) 100vw, 1024px\" \/><\/figure>\n<\/div>\n\n\n\n<div class=\"wp-block-column is-vertically-aligned-center is-layout-flow wp-block-column-is-layout-flow\">\n<figure class=\"wp-block-image size-large\" style=\"margin-top:0;margin-bottom:0\"><img loading=\"lazy\" decoding=\"async\" width=\"683\" height=\"1024\" src=\"https:\/\/garancelemanoir.com\/wp-content\/uploads\/2025\/11\/F443BFFF-7BCC-4A81-A5A5-4D8B097366BF-683x1024.png\" alt=\"\" class=\"wp-image-624\" style=\"aspect-ratio:2\/3;object-fit:cover\" srcset=\"https:\/\/garancelemanoir.com\/wp-content\/uploads\/2025\/11\/F443BFFF-7BCC-4A81-A5A5-4D8B097366BF-683x1024.png 683w, https:\/\/garancelemanoir.com\/wp-content\/uploads\/2025\/11\/F443BFFF-7BCC-4A81-A5A5-4D8B097366BF-200x300.png 200w, https:\/\/garancelemanoir.com\/wp-content\/uploads\/2025\/11\/F443BFFF-7BCC-4A81-A5A5-4D8B097366BF-768x1152.png 768w, https:\/\/garancelemanoir.com\/wp-content\/uploads\/2025\/11\/F443BFFF-7BCC-4A81-A5A5-4D8B097366BF.png 1024w\" sizes=\"auto, (max-width: 683px) 100vw, 683px\" \/><\/figure>\n\n\n\n<figure class=\"wp-block-image size-large\"><img loading=\"lazy\" decoding=\"async\" width=\"683\" height=\"1024\" src=\"https:\/\/garancelemanoir.com\/wp-content\/uploads\/2025\/11\/2DF3E4F7-017B-40B1-8E9D-57F60CA23960-683x1024.png\" alt=\"\" class=\"wp-image-677\" style=\"aspect-ratio:2\/3;object-fit:cover\" srcset=\"https:\/\/garancelemanoir.com\/wp-content\/uploads\/2025\/11\/2DF3E4F7-017B-40B1-8E9D-57F60CA23960-683x1024.png 683w, https:\/\/garancelemanoir.com\/wp-content\/uploads\/2025\/11\/2DF3E4F7-017B-40B1-8E9D-57F60CA23960-200x300.png 200w, https:\/\/garancelemanoir.com\/wp-content\/uploads\/2025\/11\/2DF3E4F7-017B-40B1-8E9D-57F60CA23960-768x1152.png 768w, https:\/\/garancelemanoir.com\/wp-content\/uploads\/2025\/11\/2DF3E4F7-017B-40B1-8E9D-57F60CA23960.png 1024w\" sizes=\"auto, (max-width: 683px) 100vw, 683px\" \/><\/figure>\n<\/div>\n<\/div>\n\n\n\n<div class=\"wp-block-columns is-layout-flex wp-container-core-columns-is-layout-d7e278ca wp-block-columns-is-layout-flex\" style=\"padding-top:0;padding-bottom:var(--wp--preset--spacing--40)\">\n<div class=\"wp-block-column is-layout-flow wp-block-column-is-layout-flow\"><\/div>\n\n\n\n<div class=\"wp-block-column is-layout-flow wp-block-column-is-layout-flow\"><\/div>\n\n\n\n<div class=\"wp-block-column is-layout-flow wp-block-column-is-layout-flow\"><\/div>\n<\/div>\n","protected":false},"excerpt":{"rendered":"<p>La forme et le fantasme Entre peintures \u00e0 l&rsquo;huile et sculptures en pl\u00e2tre, la sensualit\u00e9 rencontre l&rsquo;\u00e9l\u00e9gance intemporelle. Chaque oeuvre [&hellip;]<\/p>\n","protected":false},"author":1,"featured_media":0,"parent":0,"menu_order":0,"comment_status":"closed","ping_status":"closed","template":"","meta":{"site-sidebar-layout":"default","site-content-layout":"","ast-site-content-layout":"full-width-container","site-content-style":"default","site-sidebar-style":"default","ast-global-header-display":"","ast-banner-title-visibility":"","ast-main-header-display":"","ast-hfb-above-header-display":"","ast-hfb-below-header-display":"","ast-hfb-mobile-header-display":"","site-post-title":"disabled","ast-breadcrumbs-content":"","ast-featured-img":"","footer-sml-layout":"","theme-transparent-header-meta":"","adv-header-id-meta":"","stick-header-meta":"","header-above-stick-meta":"","header-main-stick-meta":"","header-below-stick-meta":"","astra-migrate-meta-layouts":"default","ast-page-background-enabled":"default","ast-page-background-meta":{"desktop":{"background-color":"var(--ast-global-color-5)","background-image":"","background-repeat":"repeat","background-position":"center center","background-size":"auto","background-attachment":"scroll","background-type":"","background-media":"","overlay-type":"","overlay-color":"","overlay-opacity":"","overlay-gradient":""},"tablet":{"background-color":"","background-image":"","background-repeat":"repeat","background-position":"center center","background-size":"auto","background-attachment":"scroll","background-type":"","background-media":"","overlay-type":"","overlay-color":"","overlay-opacity":"","overlay-gradient":""},"mobile":{"background-color":"","background-image":"","background-repeat":"repeat","background-position":"center center","background-size":"auto","background-attachment":"scroll","background-type":"","background-media":"","overlay-type":"","overlay-color":"","overlay-opacity":"","overlay-gradient":""}},"ast-content-background-meta":{"desktop":{"background-color":"var(--ast-global-color-4)","background-image":"","background-repeat":"repeat","background-position":"center center","background-size":"auto","background-attachment":"scroll","background-type":"","background-media":"","overlay-type":"","overlay-color":"","overlay-opacity":"","overlay-gradient":""},"tablet":{"background-color":"var(--ast-global-color-4)","background-image":"","background-repeat":"repeat","background-position":"center center","background-size":"auto","background-attachment":"scroll","background-type":"","background-media":"","overlay-type":"","overlay-color":"","overlay-opacity":"","overlay-gradient":""},"mobile":{"background-color":"var(--ast-global-color-4)","background-image":"","background-repeat":"repeat","background-position":"center center","background-size":"auto","background-attachment":"scroll","background-type":"","background-media":"","overlay-type":"","overlay-color":"","overlay-opacity":"","overlay-gradient":""}},"footnotes":""},"class_list":["post-45","page","type-page","status-publish","hentry"],"_links":{"self":[{"href":"https:\/\/garancelemanoir.com\/index.php\/wp-json\/wp\/v2\/pages\/45","targetHints":{"allow":["GET"]}}],"collection":[{"href":"https:\/\/garancelemanoir.com\/index.php\/wp-json\/wp\/v2\/pages"}],"about":[{"href":"https:\/\/garancelemanoir.com\/index.php\/wp-json\/wp\/v2\/types\/page"}],"author":[{"embeddable":true,"href":"https:\/\/garancelemanoir.com\/index.php\/wp-json\/wp\/v2\/users\/1"}],"replies":[{"embeddable":true,"href":"https:\/\/garancelemanoir.com\/index.php\/wp-json\/wp\/v2\/comments?post=45"}],"version-history":[{"count":123,"href":"https:\/\/garancelemanoir.com\/index.php\/wp-json\/wp\/v2\/pages\/45\/revisions"}],"predecessor-version":[{"id":688,"href":"https:\/\/garancelemanoir.com\/index.php\/wp-json\/wp\/v2\/pages\/45\/revisions\/688"}],"wp:attachment":[{"href":"https:\/\/garancelemanoir.com\/index.php\/wp-json\/wp\/v2\/media?parent=45"}],"curies":[{"name":"wp","href":"https:\/\/api.w.org\/{rel}","templated":true}]}}